{"id":3254,"date":"2026-04-07T16:52:31","date_gmt":"2026-04-07T16:52:31","guid":{"rendered":"https:\/\/nan.travelblox.eu\/?page_id=3254"},"modified":"2026-04-07T18:00:27","modified_gmt":"2026-04-07T18:00:27","slug":"impact-page","status":"publish","type":"page","link":"https:\/\/nan.travelblox.eu\/fr\/impact-page\/","title":{"rendered":"Impact"},"content":{"rendered":"\n<div class=\" tb-header tb-block align-center background-dark pattern-none variant-none\" id=\"header\" data-fallback-background=\"https:\/\/nan.travelblox.eu\/wp-content\/uploads\/sites\/59\/2026\/03\/DJI_04441.jpg\" style=\"background-image: url('https:\/\/nan.travelblox.eu\/wp-content\/uploads\/sites\/59\/2026\/03\/DJI_04441.jpg'); background-position:;\">\n    <div class=\"tb-header-foreground\">\n        <div class=\"inner-block\">\n\n            <div class=\"main-part\">\n                <div class=\"text-part\">\n                                                                                            <h1>\t<span class=\"tb-logo \"  style=\"-webkit-mask-image: url(https:\/\/nan.travelblox.eu\/wp-content\/uploads\/sites\/59\/2024\/04\/round-white.svg); mask-image: url(https:\/\/nan.travelblox.eu\/wp-content\/uploads\/sites\/59\/2024\/04\/round-white.svg)\">\n\t\t<img src='https:\/\/nan.travelblox.eu\/wp-content\/uploads\/sites\/59\/2024\/04\/round-white.svg' width='1024' height='1024' alt='Namibia Nomads logo' title='Namibia Nomads' loading='lazy'>\n\t<\/span>\n<\/h1>\n                                                                                        <h2 class=\"tb-subtitle\">\t\t<div class=\"translation-block\"><p>Un voyage en Namibie qui a du sens<\/p><\/div>\n\t<\/h2>\n                                                                                                                                <div class=\"tb-buttons-part\">\n                                                            \t\t<a href=\"#impact\"  target=\"\" class=\"tb-button\">\n\t\t\tNotre impact\t\t<\/a>\n\t\t                                                                                <\/div>\n                                                        <\/div>\n            <\/div>\n            \t\t<a href=\"#\" class=\"scroll-down-button\">\n\t\t\t<i class=\"fa fa-arrow-down\"><\/i>\n\t\t<\/a>\n\t\n                    <\/div>\n    <\/div>\n\n    \n    \n<\/div>\n\n\n<div class=\" tb-textimage2 tb-block align-left background-light pattern-none variant-text_first tb-collapsible-margins\" id=\"impact\">\n\t<div class=\"inner-block tb-fade-in\">\n\n\t\t\n\t\t<div class=\"tb-columns\">\n\t\t\t<div class=\"tb-column\">\n\t\t\t\t<div class=\"tb-text-part\">\n\t\t\t\t\t<h2>Plus que de simples voyages<\/h2>\n\t\t\t\t\t\t\t<div class=\"translation-block\"><p>Chez Namibia Nomads, nous croyons que le voyage peut \u00eatre vecteur de changements positifs. Notre mission est de vous faire d\u00e9couvrir les merveilles de la Namibie, tout en veillant \u00e0 ce que votre voyage laisse une empreinte concr\u00e8te et positive sur le pays, la nature et les communaut\u00e9s locales.<\/p>\n<p>En r\u00e9servant avec Namibia Nomads, vous contribuez directement \u00e0 :<\/p>\n<ul>\n<li>l\u2019\u00e9conomie locale : en collaborant avec de petits entrepreneurs namibiens, l\u2019argent reste en Namibie<\/li>\n<li>des projets communautaires : nous soutenons des initiatives \u00e0 taille humaine, centr\u00e9es sur les personnes<\/li>\n<li>une gestion durable de l\u2019eau, via la Butterfly Foundation<\/li>\n<\/ul><\/div>\n\t\t\t\t\t\t\t\t\t\t\t<div class=\"tb-buttons-part\">\n\t\t\t\t\t\t\t\t<a href=\"#projects\"  target=\"\" class=\"tb-button\">\n\t\t\tNos projects\t\t<\/a>\n\t\t\t\t\t\t\t\t\t\t<a href=\"https:\/\/butterfly-foundation.org\/fr\"  target=\"_blank\" class=\"tb-buttonlink\">\n\t\t\t\u00c0 propos de la Butterfly Foundation\t\t<\/a>\n\t\t\t\t\t\t\t<\/div>\n\t\t\t\t<\/div>\n\t\t\t<\/div>\n\t\t\t<div class=\"tb-column\">\n\t\t\t\t\t\t\t\t\t\t\t\t\t\t\t<div class=\"tb-image-part\">\n\t\t\t\t\t\t\t<img src='https:\/\/nan.travelblox.eu\/wp-content\/uploads\/sites\/59\/2025\/09\/NAN25_Map.svg' width='768' height='1' class=' no-cut-off' style='object-position:50% 50%' loading='lazy' image_size='medium_large'>\t\t\t\t\t\t<\/div>\n\t\t\t\t\t\t\t\t\t\t\t\t<\/div>\n\t\t<\/div>\n\t<\/div>\n<\/div>\n\n\n<div class=\" tb-destinations tb-block align-center background-dark pattern-custom variant-none tb-collapsible-margins\" id=\"projects\" style=\"background-image: url(https:\/\/nan.travelblox.eu\/wp-content\/uploads\/sites\/59\/2025\/09\/NAN-1.png)\">\n\t<div class=\"inner-block tb-fade-in tb-fade-in--subtle\">\n\t\t<div class=\"text-part\">\n\t\t\t<h2>Les projets que nous soutenons<\/h2>\n\t\t\t\t\t<div class=\"translation-block\"><\/div>\n\t\t\t\t\t\t<\/div>\n\t<\/div>\n\n\t<!-- sections -->\n\n\t\t\t<div class=\"tb-sections tb-fade-in tb-fade-in--subtle\">\n\t\t\t\t\t\t\t\t\t\t\t\t\t\t<div class=\"inner-block-full-width has-tb-carousel tb-section\" id=\"projects-section-0\">\n\t\t\t<div class=\"tb-carousel-container\">\n\t\t\t\t<div class=\"entries tb-cards\" data-slider-first=\"1\">\n\t\t\t\t\t\t\t\t\t\n\t\t\t\t\t\t\t\t\t\t\t\t\t<a href=\"https:\/\/bff.travelblox.eu\/fr\/partners\/sustainability-development-trust\/\"  target=\"_blank\" class=\"tb-card entry\">\n\t\t\t\t\t\t\t\t\t\t\t\t\t\t\t<div class=\"tb-image-part\">\n\n\t\t\t\t\t\t\t\t\t<img src='https:\/\/nan.travelblox.eu\/wp-content\/uploads\/sites\/59\/2026\/04\/470778119_604454901980034_2966187415949805502_n-768x426.jpg' width='768' height='426' loading='lazy' image_size='medium_large'>\t\t\t\t\t\t\t\t\t\t\t\t\t\t\t\t\t\t\t<div class=\"tb-image-part__overlay\">\n\t\t\t\t\t\t\t\t\t\t\t<h3 class=\"tb-image-part__title\">\n\t\t\t\t\t\t\t\t\t\t\t\t<span>Installing a water well<\/span>\n\t\t\t\t\t\t\t\t\t\t\t\t\t\t\t\t\t\t\t\t\t\t\t\t\t<i class=\"icon fa-solid fa-arrow-right\"><\/i>\n\t\t\t\t\t\t\t\t\t\t\t\t\t\t\t\t\t\t\t\t\t\t\t<\/h3>\n\t\t\t\t\t\t\t\t\t\t\t\t\t\t\t\t\t\t\t\t\t<\/div>\n\t\t\t\t\t\t\t\t\t\n\t\t\t\t\t\t\t\t\t\t\t\t\t\t\t\t\t\t\t<div class=\"tag tiny-body-font\">Spitzkoppe &#038; Kunene Region<\/div>\n\t\t\t\t\t\t\t\t\t\n\t\t\t\t\t\t\t\t<\/div>\n\t\t\t\t\t\t\t\t\t\t\t\t\t\t\t\t\t<div class=\"tb-card-content\">\n\t\t\t\t\t\t\t\t\t\t\t\t\t\t\t\t\t\t\t\t\t<div class=\"property\">\n\t\t\t\t\t\t\t\t\t\t\t\t\t\t\t\t<i class=\"icon fa-light fa-hand-holding-heart \" aria-hidden=\"true\"><\/i>\n\t\t\t\t\t\t\t\t\t\t\t\t\t\t\t<span>Sustainability Development Trust<\/span>\n\t\t\t\t\t\t\t\t\t\t\t<\/div>\n\t\t\t\t\t\t\t\t\t\t\t\t\t\t\t\t\t\t\t\t\t<div class=\"property\">\n\t\t\t\t\t\t\t\t\t\t\t\t\t\t\t\t<i class=\"icon fa-solid fa-shower \" aria-hidden=\"true\"><\/i>\n\t\t\t\t\t\t\t\t\t\t\t\t\t\t\t<span>Source d&rsquo;eau avec pompe \u00e0 main install\u00e9e<\/span>\n\t\t\t\t\t\t\t\t\t\t\t<\/div>\n\t\t\t\t\t\t\t\t\t\t\t\t\t\t\t\t\t\t\t\t\t<div class=\"property\">\n\t\t\t\t\t\t\t\t\t\t\t\t\t\t\t\t<i class=\"icon fa-solid fa-people-group \" aria-hidden=\"true\"><\/i>\n\t\t\t\t\t\t\t\t\t\t\t\t\t\t\t<span>Fournir de l&rsquo;eau potable aux gens<\/span>\n\t\t\t\t\t\t\t\t\t\t\t<\/div>\n\t\t\t\t\t\t\t\t\t\t\t\t\t\t\t\t\t\t\t<\/div>\n\t\t\t\t\t\t\t\t\n\t\t\t\t\t\t\t\t\t\t\t\t\t\t\t<\/a>\n\t\t\t\t\t\t\n\n\t\t\t\t\t\t\t\t\t\t\t\t\t<a href=\"https:\/\/bff.travelblox.eu\/fr\/partners\/ocean-conservation-namibia\/?_gl=1*t17ns1*_up*MQ..*_ga*MTU4MzU4NzEyNi4xNzc1NTc5MjE0*_ga_MNM1Z0RZ2L*czE3NzU1NzkyMTMkbzEkZzAkdDE3NzU1NzkyMTMkajYwJGwwJGgxODcxNTg1Njgy\"  target=\"_blank\" class=\"tb-card entry\">\n\t\t\t\t\t\t\t\t\t\t\t\t\t\t\t<div class=\"tb-image-part\">\n\n\t\t\t\t\t\t\t\t\t<img src='https:\/\/nan.travelblox.eu\/wp-content\/uploads\/sites\/59\/2026\/04\/448d67_31d4aaa409d5439ea2bed7c35407c9e1mv2.avif' width='768' height='505' loading='lazy' image_size='medium_large'>\t\t\t\t\t\t\t\t\t\t\t\t\t\t\t\t\t\t\t<div class=\"tb-image-part__overlay\">\n\t\t\t\t\t\t\t\t\t\t\t<h3 class=\"tb-image-part__title\">\n\t\t\t\t\t\t\t\t\t\t\t\t<span>Saving sea life from plastic<\/span>\n\t\t\t\t\t\t\t\t\t\t\t\t\t\t\t\t\t\t\t\t\t\t\t\t\t<i class=\"icon fa-solid fa-arrow-right\"><\/i>\n\t\t\t\t\t\t\t\t\t\t\t\t\t\t\t\t\t\t\t\t\t\t\t<\/h3>\n\t\t\t\t\t\t\t\t\t\t\t\t\t\t\t\t\t\t\t\t\t<\/div>\n\t\t\t\t\t\t\t\t\t\n\t\t\t\t\t\t\t\t\t\t\t\t\t\t\t\t\t\t\t<div class=\"tag tiny-body-font\">Walvis Bay<\/div>\n\t\t\t\t\t\t\t\t\t\n\t\t\t\t\t\t\t\t<\/div>\n\t\t\t\t\t\t\t\t\t\t\t\t\t\t\t\t\t<div class=\"tb-card-content\">\n\t\t\t\t\t\t\t\t\t\t\t\t\t\t\t\t\t\t\t\t\t<div class=\"property\">\n\t\t\t\t\t\t\t\t\t\t\t\t\t\t\t\t<i class=\"icon fa-light fa-hand-holding-heart \" aria-hidden=\"true\"><\/i>\n\t\t\t\t\t\t\t\t\t\t\t\t\t\t\t<span>Ocean Conservation Namibia<\/span>\n\t\t\t\t\t\t\t\t\t\t\t<\/div>\n\t\t\t\t\t\t\t\t\t\t\t\t\t\t\t\t\t\t\t\t\t<div class=\"property\">\n\t\t\t\t\t\t\t\t\t\t\t\t\t\t\t\t<i class=\"icon fa-solid fa-paw \" aria-hidden=\"true\"><\/i>\n\t\t\t\t\t\t\t\t\t\t\t\t\t\t\t<span>Lib\u00e9rer les phoques des d\u00e9chets plastiques<\/span>\n\t\t\t\t\t\t\t\t\t\t\t<\/div>\n\t\t\t\t\t\t\t\t\t\t\t\t\t\t\t\t\t\t\t<\/div>\n\t\t\t\t\t\t\t\t\n\t\t\t\t\t\t\t\t\t\t\t\t\t\t\t<\/a>\n\t\t\t\t\t\t\n\n\t\t\t\t\t\t\t\t\t\t\t\t\t<a href=\"https:\/\/bff.travelblox.eu\/fr\/partners\/charity-water\"  target=\"_blank\" class=\"tb-card entry\">\n\t\t\t\t\t\t\t\t\t\t\t\t\t\t\t<div class=\"tb-image-part\">\n\n\t\t\t\t\t\t\t\t\t<img src='https:\/\/nan.travelblox.eu\/wp-content\/uploads\/sites\/59\/2026\/04\/230214_EWF_Namibie_Fields_DD-6686-1024x681-1-768x511.jpg' width='768' height='511' loading='lazy' image_size='medium_large'>\t\t\t\t\t\t\t\t\t\t\t\t\t\t\t\t\t\t\t<div class=\"tb-image-part__overlay\">\n\t\t\t\t\t\t\t\t\t\t\t<h3 class=\"tb-image-part__title\">\n\t\t\t\t\t\t\t\t\t\t\t\t<span>Reforesting the desert \u00ab\u00a0Travelbos\u00a0\u00bb<\/span>\n\t\t\t\t\t\t\t\t\t\t\t\t\t\t\t\t\t\t\t\t\t\t\t\t\t<i class=\"icon fa-solid fa-arrow-right\"><\/i>\n\t\t\t\t\t\t\t\t\t\t\t\t\t\t\t\t\t\t\t\t\t\t\t<\/h3>\n\t\t\t\t\t\t\t\t\t\t\t\t\t\t\t\t\t\t\t\t\t<\/div>\n\t\t\t\t\t\t\t\t\t\n\t\t\t\t\t\t\t\t\t\t\t\t\t\t\t\t\t\t\t<div class=\"tag tiny-body-font\">Namibia<\/div>\n\t\t\t\t\t\t\t\t\t\n\t\t\t\t\t\t\t\t<\/div>\n\t\t\t\t\t\t\t\t\t\t\t\t\t\t\t\t\t<div class=\"tb-card-content\">\n\t\t\t\t\t\t\t\t\t\t\t\t\t\t\t\t\t\t\t\t\t<div class=\"property\">\n\t\t\t\t\t\t\t\t\t\t\t\t\t\t\t\t<i class=\"icon fa-light fa-hand-holding-heart \" aria-hidden=\"true\"><\/i>\n\t\t\t\t\t\t\t\t\t\t\t\t\t\t\t<span>Lignaverda<\/span>\n\t\t\t\t\t\t\t\t\t\t\t<\/div>\n\t\t\t\t\t\t\t\t\t\t\t\t\t\t\t\t\t\t\t\t\t<div class=\"property\">\n\t\t\t\t\t\t\t\t\t\t\t\t\t\t\t\t<i class=\"icon fa-solid fa-tree \" aria-hidden=\"true\"><\/i>\n\t\t\t\t\t\t\t\t\t\t\t\t\t\t\t<span>Restauration des terres d\u00e9grad\u00e9es gr\u00e2ce \u00e0 la reforestation<\/span>\n\t\t\t\t\t\t\t\t\t\t\t<\/div>\n\t\t\t\t\t\t\t\t\t\t\t\t\t\t\t\t\t\t\t\t\t<div class=\"property\">\n\t\t\t\t\t\t\t\t\t\t\t\t\t\t\t\t<i class=\"icon fa-solid fa-check \" aria-hidden=\"true\"><\/i>\n\t\t\t\t\t\t\t\t\t\t\t\t\t\t\t<span>4 hectare de for\u00eat &#038; 1200 arbres plant\u00e9s<\/span>\n\t\t\t\t\t\t\t\t\t\t\t<\/div>\n\t\t\t\t\t\t\t\t\t\t\t\t\t\t\t\t\t\t\t<\/div>\n\t\t\t\t\t\t\t\t\n\t\t\t\t\t\t\t\t\t\t\t\t\t\t\t<\/a>\n\t\t\t\t\t\t\n\t\t\t\t<\/div>\n\t\t\t\t\t\t<div class=\"tb-carousel-nav\">\n\t\t\t<div class=\"dots\">\n\t\t\t\t<div class=\"dot active\"><\/div>\n\t\t\t\t<div class=\"dot\"><\/div>\n\t\t\t\t<div class=\"dot\"><\/div>\n\t\t\t<\/div>\n\t\t\t<div class=\"arrows\">\n\t\t\t\t<div class=\"prev disabled\">\n\t\t\t\t\t<span><i class=\"fa fa-chevron-left\"><\/i><\/span>\n\t\t\t\t<\/div>\n\t\t\t\t<div class=\"next\">\n\t\t\t\t\t<span><i class=\"fa fa-chevron-right\"><\/i><\/span>\n\t\t\t\t<\/div>\n\t\t\t<\/div>\n\t\t<\/div>\n\t\t\t\t<\/div>\n\t\t<\/div>\n\t<\/div>\n\n<!-- end section -->\n\n\n<\/div>\n\n\n<div class=\" tb-textimage2 tb-block align-left background-light pattern-none variant-text_first tb-collapsible-margins\" id=\"textimage2\">\n\t<div class=\"inner-block tb-fade-in\">\n\n\t\t\n\t\t<div class=\"tb-columns\">\n\t\t\t<div class=\"tb-column\">\n\t\t\t\t<div class=\"tb-text-part\">\n\t\t\t\t\t<h2>Pourquoi l&rsquo;eau est cruciale<\/h2>\n\t\t\t\t\t\t\t<div class=\"translation-block\"><p>L&rsquo;eau propre est la base de tout. Gr\u00e2ce \u00e0 la Butterfly Foundation, Namibia Nomads se concentre sur la gestion durable de l&rsquo;eau. Ce faisant, nous obtenons des impacts positifs dans des domaines cruciaux :<\/p>\n<ul data-path-to-node=\"3\">\n<li><b data-path-to-node=\"3,0,0\" data-index-in-node=\"0\">Sant\u00e9 :<\/b>&nbsp;L&rsquo;eau potable stoppe la propagation de maladies d&rsquo;origine hydrique mortelles.<\/li>\n<li><b data-path-to-node=\"3,1,0\" data-index-in-node=\"0\">Temps &amp; D\u00e9veloppement :<\/b>&nbsp;L&rsquo;acc\u00e8s \u00e0 l&rsquo;eau est un acc\u00e8s au temps. Le temps \u00e9conomis\u00e9 est investi dans l&rsquo;\u00e9ducation et le d\u00e9veloppement \u00e9conomique.<\/li>\n<li><b data-path-to-node=\"3,2,0\" data-index-in-node=\"0\">S\u00e9curit\u00e9 Alimentaire :<\/b>&nbsp;L&rsquo;eau soutient l&rsquo;agriculture par l&rsquo;irrigation, ce qui augmente les rendements des cultures et la stabilit\u00e9 globale de la r\u00e9gion.<\/li>\n<\/ul><\/div>\n\t\t\t\t\t\t\t\t\t\t\t<div class=\"tb-buttons-part\">\n\t\t\t\t\t\t\t\t<a href=\"https:\/\/butterfly-foundation.org\/en\"  target=\"\" class=\"tb-button\">\n\t\t\tRead more about the Butterfly Foundation\t\t<\/a>\n\t\t\t\t\t\t\t\t\t\t\t\t\t<\/div>\n\t\t\t\t<\/div>\n\t\t\t<\/div>\n\t\t\t<div class=\"tb-column\">\n\t\t\t\t\t\t\t\t\t\t\t\t\t\t\t<div class=\"tb-video-part\">\n\t\t\t\t\t\t\t<iframe src=\"https:\/\/iframe.mediadelivery.net\/embed\/295792\/3fadd5d0-ee19-4456-a5f9-50cb4c16fc4f?autoplay=true&#038;preload=true&#038;loop=true&#038;responsive=true&#038;muted=true\" allow=\"accelerometer;gyroscope;encrypted-media;picture-in-picture;autoplay;muted;\" allowfullscreen=\"true\" style=\"border: none;\" loading=\"lazy\"><\/iframe>\t\t\t\t\t\t<\/div>\n\t\t\t\t\t\t\t\t\t\t\t\t<\/div>\n\t\t<\/div>\n\t<\/div>\n<\/div>\n\n\n<div class=\" tb-gallery tb-block align-center background-light pattern-none variant-grid\" id=\"gallery\">\n\t<div>\n\t\t<div class=\"desktop tb-has-popup-content\">\n\t\t\t\t\t\t\t<ul class=\"tb-gallery-grid\">\n\t\t\t\t\t\t\t\t\t\t\t\t\t\t\t\t\t\t<li class=\"slide\">\n\t\t\t\t\t\t\t\t<div class=\"tb-popup-trigger\">\n\t\t\t\t\t\t\t\t\t<img src='https:\/\/nan.travelblox.eu\/wp-content\/uploads\/sites\/59\/2026\/03\/Namibie-_2491.jpg' width='1200' height='800' loading='lazy'>\t\t\t\t\t\t\t\t<\/div>\n\t\t\t\t\t\t\t<\/li>\n\t\t\t\t\t\t\t\t\t\t\t\t\t<li class=\"slide\">\n\t\t\t\t\t\t\t\t<div class=\"tb-popup-trigger\">\n\t\t\t\t\t\t\t\t\t<img src='https:\/\/nan.travelblox.eu\/wp-content\/uploads\/sites\/59\/2025\/09\/Namibia-78-groot.jpeg' width='1280' height='853' loading='lazy'>\t\t\t\t\t\t\t\t<\/div>\n\t\t\t\t\t\t\t<\/li>\n\t\t\t\t\t\t\t\t\t\t\t\t\t<li class=\"slide\">\n\t\t\t\t\t\t\t\t<div class=\"tb-popup-trigger\">\n\t\t\t\t\t\t\t\t\t<img src='https:\/\/nan.travelblox.eu\/wp-content\/uploads\/sites\/59\/2026\/03\/99_-_Namibia-Nomads2025-991-e1773328255468.jpg' width='800' height='561' alt='4X4 avec tente de toit' loading='lazy'>\t\t\t\t\t\t\t\t<\/div>\n\t\t\t\t\t\t\t<\/li>\n\t\t\t\t\t\t\t\t\t\t\t\t\t\t\t<\/ul>\n\t\t\t\t\t\t<div class=\"tb-popup tb-popup--open-clicked-image\">\n\t\t\t\t<div class=\"tb-gallery-popup\">\n\t\t\t\t\t<div class=\"tb-image-part\">\n\t\t\t\t\t\t\t\t\t\t<div class=\"inner-block-full-width has-tb-carousel tb-carousel-slider\" >\n\t\t\t<div class=\"tb-carousel-container\">\n\t\t\t\t<div class=\"entries tb-cards\" data-slider-first=\"2\">\n\t\t\t\t\t\t\t\t\t<div class=\"entry\">\n\t\t\t\t<div class=\"tb-image-part\">\n\t\t\t\t\t<figure>\n\t\t\t\t\t\t<img src='https:\/\/nan.travelblox.eu\/wp-content\/uploads\/sites\/59\/2026\/03\/Namibie-_2491.jpg' width='1200' height='800' loading='lazy' image_size='full'>\t\t\t\t\t\t\t\t\t\t\t<\/figure>\n\t\t\t\t<\/div>\n\t\t\t<\/div>\n\t\t\t\t\t<div class=\"entry\">\n\t\t\t\t<div class=\"tb-image-part\">\n\t\t\t\t\t<figure>\n\t\t\t\t\t\t<img src='https:\/\/nan.travelblox.eu\/wp-content\/uploads\/sites\/59\/2025\/09\/Namibia-78-groot.jpeg' width='1280' height='853' loading='lazy' image_size='full'>\t\t\t\t\t\t\t\t\t\t\t<\/figure>\n\t\t\t\t<\/div>\n\t\t\t<\/div>\n\t\t\t\t\t<div class=\"entry\">\n\t\t\t\t<div class=\"tb-image-part\">\n\t\t\t\t\t<figure>\n\t\t\t\t\t\t<img src='https:\/\/nan.travelblox.eu\/wp-content\/uploads\/sites\/59\/2026\/03\/99_-_Namibia-Nomads2025-991-e1773328255468.jpg' width='800' height='561' alt='4X4 avec tente de toit' loading='lazy' image_size='full'>\t\t\t\t\t\t\t\t\t\t\t<\/figure>\n\t\t\t\t<\/div>\n\t\t\t<\/div>\n\t\t\t\t\t\t\t\t<\/div>\n\t\t\t\t\t\t<div class=\"tb-carousel-nav\">\n\t\t\t<div class=\"dots\">\n\t\t\t\t<div class=\"dot active\"><\/div>\n\t\t\t\t<div class=\"dot\"><\/div>\n\t\t\t\t<div class=\"dot\"><\/div>\n\t\t\t<\/div>\n\t\t\t<div class=\"arrows\">\n\t\t\t\t<div class=\"prev disabled\">\n\t\t\t\t\t<span><i class=\"fa fa-chevron-left\"><\/i><\/span>\n\t\t\t\t<\/div>\n\t\t\t\t<div class=\"next\">\n\t\t\t\t\t<span><i class=\"fa fa-chevron-right\"><\/i><\/span>\n\t\t\t\t<\/div>\n\t\t\t<\/div>\n\t\t<\/div>\n\t\t\t\t<\/div>\n\t\t<\/div>\n\t\t\t\t\t\t\t<\/div>\n\t\t\t\t<\/div>\n\t\t\t<\/div>\n\t\t<\/div>\n\t\t<div class=\"mobile\">\n\t\t\t<div class=\"tb-image-part\">\n\t\t\t\t\t\t\t\t<div class=\"inner-block-full-width has-tb-carousel tb-carousel-slider\" >\n\t\t\t<div class=\"tb-carousel-container\">\n\t\t\t\t<div class=\"entries tb-cards\" data-slider-first=\"0\">\n\t\t\t\t\t\t\t\t\t<div class=\"entry\">\n\t\t\t\t<div class=\"tb-image-part\">\n\t\t\t\t\t<figure>\n\t\t\t\t\t\t<img src='https:\/\/nan.travelblox.eu\/wp-content\/uploads\/sites\/59\/2026\/03\/Namibie-_2491-768x512.jpg' width='768' height='512' loading='lazy' image_size='medium_large'>\t\t\t\t\t\t\t\t\t\t\t<\/figure>\n\t\t\t\t<\/div>\n\t\t\t<\/div>\n\t\t\t\t\t<div class=\"entry\">\n\t\t\t\t<div class=\"tb-image-part\">\n\t\t\t\t\t<figure>\n\t\t\t\t\t\t<img src='https:\/\/nan.travelblox.eu\/wp-content\/uploads\/sites\/59\/2025\/09\/Namibia-78-groot-768x512.jpeg' width='768' height='512' loading='lazy' image_size='medium_large'>\t\t\t\t\t\t\t\t\t\t\t<\/figure>\n\t\t\t\t<\/div>\n\t\t\t<\/div>\n\t\t\t\t\t<div class=\"entry\">\n\t\t\t\t<div class=\"tb-image-part\">\n\t\t\t\t\t<figure>\n\t\t\t\t\t\t<img src='https:\/\/nan.travelblox.eu\/wp-content\/uploads\/sites\/59\/2026\/03\/99_-_Namibia-Nomads2025-991-e1773328237985-768x538.jpg' width='768' height='538' alt='4X4 avec tente de toit' loading='lazy' image_size='medium_large'>\t\t\t\t\t\t\t\t\t\t\t<\/figure>\n\t\t\t\t<\/div>\n\t\t\t<\/div>\n\t\t\t\t\t\t\t\t<\/div>\n\t\t\t\t\t\t<div class=\"tb-carousel-nav\">\n\t\t\t<div class=\"dots\">\n\t\t\t\t<div class=\"dot active\"><\/div>\n\t\t\t\t<div class=\"dot\"><\/div>\n\t\t\t\t<div class=\"dot\"><\/div>\n\t\t\t<\/div>\n\t\t\t<div class=\"arrows\">\n\t\t\t\t<div class=\"prev disabled\">\n\t\t\t\t\t<span><i class=\"fa fa-chevron-left\"><\/i><\/span>\n\t\t\t\t<\/div>\n\t\t\t\t<div class=\"next\">\n\t\t\t\t\t<span><i class=\"fa fa-chevron-right\"><\/i><\/span>\n\t\t\t\t<\/div>\n\t\t\t<\/div>\n\t\t<\/div>\n\t\t\t\t<\/div>\n\t\t<\/div>\n\t\t\t\t\t<\/div>\n\t\t<\/div>\n\t<\/div>\n<\/div>\n","protected":false},"excerpt":{"rendered":"","protected":false},"author":30,"featured_media":3201,"parent":0,"menu_order":0,"comment_status":"closed","ping_status":"closed","template":"","meta":{"_acf_changed":false,"inline_featured_image":false,"footnotes":""},"class_list":["post-3254","page","type-page","status-publish","has-post-thumbnail","hentry"],"acf":{"page_package_ids":"","is_main_package_page":false,"additional_linked_packages":[],"feed_page_to_atlas":true},"_links":{"self":[{"href":"https:\/\/nan.travelblox.eu\/fr\/wp-json\/wp\/v2\/pages\/3254","targetHints":{"allow":["GET"]}}],"collection":[{"href":"https:\/\/nan.travelblox.eu\/fr\/wp-json\/wp\/v2\/pages"}],"about":[{"href":"https:\/\/nan.travelblox.eu\/fr\/wp-json\/wp\/v2\/types\/page"}],"author":[{"embeddable":true,"href":"https:\/\/nan.travelblox.eu\/fr\/wp-json\/wp\/v2\/users\/30"}],"replies":[{"embeddable":true,"href":"https:\/\/nan.travelblox.eu\/fr\/wp-json\/wp\/v2\/comments?post=3254"}],"version-history":[{"count":9,"href":"https:\/\/nan.travelblox.eu\/fr\/wp-json\/wp\/v2\/pages\/3254\/revisions"}],"predecessor-version":[{"id":3269,"href":"https:\/\/nan.travelblox.eu\/fr\/wp-json\/wp\/v2\/pages\/3254\/revisions\/3269"}],"wp:featuredmedia":[{"embeddable":true,"href":"https:\/\/nan.travelblox.eu\/fr\/wp-json\/wp\/v2\/media\/3201"}],"wp:attachment":[{"href":"https:\/\/nan.travelblox.eu\/fr\/wp-json\/wp\/v2\/media?parent=3254"}],"curies":[{"name":"wp","href":"https:\/\/api.w.org\/{rel}","templated":true}]}}