{"id":1910,"date":"2025-08-28T11:38:42","date_gmt":"2025-08-28T11:38:42","guid":{"rendered":"https:\/\/nan.travelblox.eu\/?page_id=1910"},"modified":"2025-12-09T13:17:30","modified_gmt":"2025-12-09T13:17:30","slug":"about-us","status":"publish","type":"page","link":"https:\/\/nan.travelblox.eu\/de\/about-us\/","title":{"rendered":"\u00dcber uns"},"content":{"rendered":"<div class=\"tb-quoteparallax tb-block align-center background-dark pattern-none variant-text_on_image\" id=\"quoteparallax\" style=\"background-image: url('https:\/\/nan.travelblox.eu\/wp-content\/uploads\/sites\/59\/2023\/12\/NAN23_Manon_HR-140-scaled.jpg');\">\n\t\t<div class=\"inner-block tb-fade-in tb-fade-in--subtle\">\n\t\t\t\t\t<div class=\"text-part\">\n\t\t\t\t<h2><\/h2>\n\t\t\t\t\t\t<div class=\"translation-block\"><p>Namibia Nomads ist ein sorgf\u00e4ltig ausgearbeitetes 11-t\u00e4giges Abenteuer, das von <strong>einem Team aus Reisenden, Abenteurern und leidenschaftlichen Einheimischen<\/strong> entwickelt wurde, die alle eines gemeinsam haben: eine unbestreitbare Liebe zu Namibia. Wir haben unsere Erfahrungen geb\u00fcndelt, um die perfekte Reiseroute f\u00fcr dich zu erstellen. Von den Highlights \u00fcber versteckte Sch\u00e4tze bis hin zu allem dazwischen \u2013 wir kennen das Ziel in- und auswendig und freuen uns darauf, dich auf die Erkundung mitzunehmen...<\/p><\/div>\n\t\t\t\t\t\t\t\t<\/div>\n\t\t\t\t\t<\/div>\n<\/div>\n\n\n\n<div class=\"tb-team tb-block align-center background-light pattern-none variant-none tb-collapsible-margins\" id=\"team\">\n\t<div class=\"inner-block tb-fade-in tb-fade-in--subtle\">\n\t\t<div class=\"text-part\">\n\t\t\t<h2>Lerne das Team von Namibia Nomads kennen.<\/h2>\n\t\t\t\t\t<div class=\"translation-block\"><p>Neugierig, die Gesichter hinter dem Team der Namibia Nomads kennenzulernen? Erfahre mehr \u00fcber jeden unserer Reiseexperten.<\/p><\/div>\n\t\t\t<\/div>\n\t<\/div>\n\t\t\t\t\t<div class=\"inner-block-full-width has-tb-carousel\" >\n\t\t\t<div class=\"tb-carousel-container\">\n\t\t\t\t<div class=\"entries tb-cards\" data-slider-first=\"1\">\n\t\t\t\t\t\t\t\t\t<div class=\"tb-card entry\" style=\"background-image: url('https:\/\/nan.travelblox.eu\/wp-content\/uploads\/sites\/59\/2025\/08\/NAN-Caro-819x1024.jpg')\">\n\t\t\t\t<label for=\"tb-team-read-more-block_s59__p1910__team-0\" class=\"tb-team__card-label\">\n\t\t\t\t\t<div class=\"overlay\"><\/div>\n\t\t\t\t\t<div class=\"overlay overlay--extra\"><\/div>\n\t\t\t\t\t<div class=\"content\">\n\t\t\t\t\t\t<div class=\"tb-team__card-titles\">\n\t\t\t\t\t\t\t<h3>Caroline<\/h3>\n\t\t\t\t\t\t\t\t\t\t\t\t\t\t\t<p>verantwortlich f\u00fcr die praktische Organisation<\/p>\n\t\t\t\t\t\t\t\t\t\t\t\t\t<\/div>\n\t\t\t\t\t\t\t\t\t\t\t\t\t<div class=\"extra-content\">\n\t\t\t\t\t\t\t\t<p>Dieses kleine Feld ist viel zu eng, um all meine Lieblingsorte aufzulisten\u2026 Aber wenn ich einen ausw\u00e4hlen m\u00fcsste, w\u00e4re es wahrscheinlich Spitzkoppe!<\/p>\n\t\t\t\t\t\t\t<\/div>\n\t\t\t\t\t\t\t\t\t\t\t<\/div>\n\t\t\t\t\t<input type=\"checkbox\" class=\"tb-team__card-checkbox\" id=\"tb-team-read-more-block_s59__p1910__team-0\">\n\t\t\t\t<\/label>\n\t\t\t<\/div>\n\t\t\t\t\t<div class=\"tb-card entry\" style=\"background-image: url('https:\/\/nan.travelblox.eu\/wp-content\/uploads\/sites\/59\/2025\/08\/NAN-Malou-819x1024.jpg')\">\n\t\t\t\t<label for=\"tb-team-read-more-block_s59__p1910__team-1\" class=\"tb-team__card-label\">\n\t\t\t\t\t<div class=\"overlay\"><\/div>\n\t\t\t\t\t<div class=\"overlay overlay--extra\"><\/div>\n\t\t\t\t\t<div class=\"content\">\n\t\t\t\t\t\t<div class=\"tb-team__card-titles\">\n\t\t\t\t\t\t\t<h3>Malou<\/h3>\n\t\t\t\t\t\t\t\t\t\t\t\t\t\t\t<p>sorgt f\u00fcr die Kommunikation<\/p>\n\t\t\t\t\t\t\t\t\t\t\t\t\t<\/div>\n\t\t\t\t\t\t\t\t\t\t\t\t\t<div class=\"extra-content\">\n\t\t\t\t\t\t\t\t<p>Namibia ist so vielf\u00e4ltig, aber wenn ich eine einzige Region w\u00e4hlen m\u00fcsste, w\u00fcrde ich die Namib-W\u00fcste w\u00e4hlen. Die Sandd\u00fcnen sind dort wirklich atemberaubend bei Sonnenaufgang und Sonnenuntergang!<\/p>\n\t\t\t\t\t\t\t<\/div>\n\t\t\t\t\t\t\t\t\t\t\t<\/div>\n\t\t\t\t\t<input type=\"checkbox\" class=\"tb-team__card-checkbox\" id=\"tb-team-read-more-block_s59__p1910__team-1\">\n\t\t\t\t<\/label>\n\t\t\t<\/div>\n\t\t\t\t\t<div class=\"tb-card entry\" style=\"background-image: url('https:\/\/nan.travelblox.eu\/wp-content\/uploads\/sites\/59\/2025\/08\/NAN-Sam-819x1024.jpg')\">\n\t\t\t\t<label for=\"tb-team-read-more-block_s59__p1910__team-2\" class=\"tb-team__card-label\">\n\t\t\t\t\t<div class=\"overlay\"><\/div>\n\t\t\t\t\t<div class=\"overlay overlay--extra\"><\/div>\n\t\t\t\t\t<div class=\"content\">\n\t\t\t\t\t\t<div class=\"tb-team__card-titles\">\n\t\t\t\t\t\t\t<h3>Sam<\/h3>\n\t\t\t\t\t\t\t\t\t\t\t\t\t\t\t<p>da, um all deine Fragen zu beantworten<\/p>\n\t\t\t\t\t\t\t\t\t\t\t\t\t<\/div>\n\t\t\t\t\t\t\t\t\t\t\t<\/div>\n\t\t\t\t\t<input type=\"checkbox\" class=\"tb-team__card-checkbox\" id=\"tb-team-read-more-block_s59__p1910__team-2\">\n\t\t\t\t<\/label>\n\t\t\t<\/div>\n\t\t\t\t\t<div class=\"tb-card entry\" style=\"background-image: url('https:\/\/nan.travelblox.eu\/wp-content\/uploads\/sites\/59\/2025\/08\/NAN-Clara-819x1024.jpg')\">\n\t\t\t\t<label for=\"tb-team-read-more-block_s59__p1910__team-3\" class=\"tb-team__card-label\">\n\t\t\t\t\t<div class=\"overlay\"><\/div>\n\t\t\t\t\t<div class=\"overlay overlay--extra\"><\/div>\n\t\t\t\t\t<div class=\"content\">\n\t\t\t\t\t\t<div class=\"tb-team__card-titles\">\n\t\t\t\t\t\t\t<h3>Clara<\/h3>\n\t\t\t\t\t\t\t\t\t\t\t\t\t\t\t<p>da, um all deine Fragen zu beantworten<\/p>\n\t\t\t\t\t\t\t\t\t\t\t\t\t<\/div>\n\t\t\t\t\t\t\t\t\t\t\t<\/div>\n\t\t\t\t\t<input type=\"checkbox\" class=\"tb-team__card-checkbox\" id=\"tb-team-read-more-block_s59__p1910__team-3\">\n\t\t\t\t<\/label>\n\t\t\t<\/div>\n\t\t\t\t\t<div class=\"tb-card entry\" style=\"background-image: url('https:\/\/nan.travelblox.eu\/wp-content\/uploads\/sites\/59\/2025\/11\/TeamPicsTBWebsite-2-819x1024.jpg')\">\n\t\t\t\t<label for=\"tb-team-read-more-block_s59__p1910__team-4\" class=\"tb-team__card-label\">\n\t\t\t\t\t<div class=\"overlay\"><\/div>\n\t\t\t\t\t<div class=\"overlay overlay--extra\"><\/div>\n\t\t\t\t\t<div class=\"content\">\n\t\t\t\t\t\t<div class=\"tb-team__card-titles\">\n\t\t\t\t\t\t\t<h3>Lara<\/h3>\n\t\t\t\t\t\t\t\t\t\t\t\t\t\t\t<p>da, um all deine Fragen zu beantworten<\/p>\n\t\t\t\t\t\t\t\t\t\t\t\t\t<\/div>\n\t\t\t\t\t\t\t\t\t\t\t<\/div>\n\t\t\t\t\t<input type=\"checkbox\" class=\"tb-team__card-checkbox\" id=\"tb-team-read-more-block_s59__p1910__team-4\">\n\t\t\t\t<\/label>\n\t\t\t<\/div>\n\t\t\t\t\t\t\t\t<\/div>\n\t\t\t\t\t\t<div class=\"tb-carousel-nav\">\n\t\t\t<div class=\"dots\">\n\t\t\t\t<div class=\"dot active\"><\/div>\n\t\t\t\t<div class=\"dot\"><\/div>\n\t\t\t\t<div class=\"dot\"><\/div>\n\t\t\t<\/div>\n\t\t\t<div class=\"arrows\">\n\t\t\t\t<div class=\"prev disabled\">\n\t\t\t\t\t<span><i class=\"fa fa-chevron-left\"><\/i><\/span>\n\t\t\t\t<\/div>\n\t\t\t\t<div class=\"next\">\n\t\t\t\t\t<span><i class=\"fa fa-chevron-right\"><\/i><\/span>\n\t\t\t\t<\/div>\n\t\t\t<\/div>\n\t\t<\/div>\n\t\t\t\t<\/div>\n\t\t<\/div>\n\t\t\t\t\t<div class=\"tb-team__extra inner-block tb-fade-in tb-fade-in--subtle\">\n\t\t\t<div class=\"text-part\">\n\t\t\t\t<h3>Eine Frage zu deiner Reise?<\/h3>\n\t\t\t\t\t\t<div class=\"translation-block\"><p>Z\u00f6gere nicht, uns <a href=\"https:\/\/namibianomads.com\/de\/contact\/\" target=\"_blank\">zu kontaktieren<\/a>, wir helfen dir gerne weiter.<\/p><\/div>\n\t\t\t\t\t<div class=\"tb-buttons-part\">\n\t\t\t\t\t\t\t\t\t<\/div>\n\t\t\t<\/div>\n\t\t<\/div>\n\t<\/div>\n\n\n\n\n<div class=\"tb-textimage2 tb-block align-left background-light pattern-none variant-text_first tb-collapsible-margins\" id=\"textimage2\">\n\t<div class=\"inner-block tb-fade-in\">\n\n\t\t\n\t\t<div class=\"tb-columns\">\n\t\t\t<div class=\"tb-column\">\n\t\t\t\t<div class=\"tb-text-part\">\n\t\t\t\t\t<h2>Anna &amp; Mario \u00fcber ihre Namibia Nomads Rundreise<\/h2>\n\t\t\t\t\t\t\t<div class=\"translation-block\"><p>Anna und Mario von <strong><a href=\"https:\/\/www.youtube.com\/watch?v=Vj1uBlwa28Y\" target=\"_blank\" rel=\"noopener\">&#8220;Float On The Road&#8221;<\/a><\/strong> haben sich mit Namibia Nomads ihren Traum von <strong>einer echten Afrika-Rundreise<\/strong> erf\u00fcllt. In ihrem Video nehmen sie dich mit auf <strong>Safari im Etosha-Nationalpark<\/strong>, zeigen dir die endlosen D\u00fcnen von <strong>Sossusvlei<\/strong> und <strong>Deadvlei<\/strong> und erz\u00e4hlen, wie es ist, mit einem <strong>4&#215;4 und Dachzelt<\/strong> durch Namibia zu reisen.<\/p>\n<p>Sie sprechen \u00fcber ihre liebsten <strong>Campsites<\/strong>, die <strong>Highlights<\/strong> unterwegs und all die kleinen Momente, die diesen Roadtrip so besonders machen. Lust auf Fernweh? Dann schau rein. \ud83d\udc47<\/p><\/div>\n\t\t\t\t\t\t\t\t\t\t\t<div class=\"tb-buttons-part\">\n\t\t\t\t\t\t\t\t<a href=\"https:\/\/www.youtube.com\/watch?v=Vj1uBlwa28Y\"  target=\"_blank\" class=\"tb-button\">\n\t\t\tSo k\u00f6nnte deine Reise aussehen\t\t<\/a>\n\t\t\t\t\t\t\t\t\t\t\t\t\t<\/div>\n\t\t\t\t<\/div>\n\t\t\t<\/div>\n\t\t\t<div class=\"tb-column\">\n\t\t\t\t\t\t\t\t\t\t\t\t\t\t\t<div class=\"tb-video-part\">\n\t\t\t\t\t\t\t<iframe loading=\"lazy\" title=\"Namibia Rundreise 2025 \u2013 Safari &amp; Highlights mit dem Dachzelt\" width=\"640\" height=\"360\" src=\"https:\/\/www.youtube.com\/embed\/Vj1uBlwa28Y?feature=oembed&#038;preload=false&#038;autoplay=false&#038;muted=false&#038;playsinline=true&#038;controls=true&#038;responsive=true&#038;controlsList=nodownload&#038;oncontextmenu=return false;\" frameborder=\"0\" allow=\"accelerometer; autoplay; clipboard-write; encrypted-media; gyroscope; picture-in-picture; web-share\" referrerpolicy=\"strict-origin-when-cross-origin\" allowfullscreen><\/iframe>\t\t\t\t\t\t<\/div>\n\t\t\t\t\t\t\t\t\t\t\t\t<\/div>\n\t\t<\/div>\n\t<\/div>\n<\/div>\n\n\n<div class=\"tb-colcompare tb-block align-center background-light pattern-none variant-cards tb-collapsible-margins\" id=\"colcompare\">\n\t<div class=\"inner-block tb-fade-in tb-fade-in--subtle\">\n\t\t<div class=\"text-part\">\n\t\t\t<h2>Warum eine Rundreise mit Namibia Nomads w\u00e4hlen?<\/h2>\n\t\t\t\t\t<div class=\"translation-block\"><\/div>\n\t\t\t<\/div>\n\t<\/div>\n\t\t\t\t\t<div class=\"inner-block-full-width has-tb-carousel tb-justified\" >\n\t\t\t<div class=\"tb-carousel-container\">\n\t\t\t\t<div class=\"entries tb-cards\" data-slider-first=\"1\">\n\t\t\t\t\t\t\t\t\t<div class=\"tb-card entry tb-fade-in tb-fade-in--subtle\">\n\t\t\t\t<div class=\"tb-image-part\">\n\t\t\t\t\t<img src='https:\/\/nan.travelblox.eu\/wp-content\/uploads\/sites\/59\/2025\/08\/5-1-768x768.jpg' width='768' height='768' style='object-position:50% 50%' loading='lazy' image_size='medium_large'>\t\t\t\t<\/div>\n\t\t\t\t<div class=\"tb-card-content text-part\">\n\t\t\t\t\t<h5>\t\t\t\t<i class=\"icon fa-solid fa-map-location-dot\" aria-hidden=\"true\"><\/i>\n\t\t\t Eine sorgf\u00e4ltig geplante Route<\/h5>\n\t\t\t\t\t\t\t<div class=\"translation-block\"><p>Wir k\u00fcmmern uns um alles hinter den Kulissen und vor Ort in Namibia: praktische Angelegenheiten, Navigation, Campingausr\u00fcstung, Unterk\u00fcnfte und optionale Extras wie Aktivit\u00e4ten. So kannst du deine Reise sorgenfrei genie\u00dfen.<\/p><\/div>\n\t\t\t\t\t\t<div class=\"tb-buttons-part\">\n\t\t\t\t\t\t\t\t\t\t\t<\/div>\n\t\t\t\t<\/div>\n\t\t\t<\/div>\n\t\t\t\t\t<div class=\"tb-card entry tb-fade-in tb-fade-in--subtle\">\n\t\t\t\t<div class=\"tb-image-part\">\n\t\t\t\t\t<img src='https:\/\/nan.travelblox.eu\/wp-content\/uploads\/sites\/59\/2025\/08\/7-768x768.jpg' width='768' height='768' style='object-position:50% 50%' loading='lazy' image_size='medium_large'>\t\t\t\t<\/div>\n\t\t\t\t<div class=\"tb-card-content text-part\">\n\t\t\t\t\t<h5>\t\t\t\t<i class=\"icon fa-solid fa-euro-sign\" aria-hidden=\"true\"><\/i>\n\t\t\t Top Preis-Leistungs-Verh\u00e4ltnis<\/h5>\n\t\t\t\t\t\t\t<div class=\"translation-block\"><p>Abenteuer ist f\u00fcr alle da! Wir halten die Kosten niedrig, indem wir unsere Reisen von Anfang bis Ende komplett selbst entwickeln. So garantieren wir ein authentisches Erlebnis \u2013 ohne versteckte Kosten.<\/p><\/div>\n\t\t\t\t\t\t<div class=\"tb-buttons-part\">\n\t\t\t\t\t\t\t\t\t\t\t<\/div>\n\t\t\t\t<\/div>\n\t\t\t<\/div>\n\t\t\t\t\t<div class=\"tb-card entry tb-fade-in tb-fade-in--subtle\">\n\t\t\t\t<div class=\"tb-image-part\">\n\t\t\t\t\t<img src='https:\/\/nan.travelblox.eu\/wp-content\/uploads\/sites\/59\/2025\/08\/8-768x768.jpg' width='768' height='768' style='object-position:50% 50%' loading='lazy' image_size='medium_large'>\t\t\t\t<\/div>\n\t\t\t\t<div class=\"tb-card-content text-part\">\n\t\t\t\t\t<h5>\t\t\t\t<i class=\"icon fa-solid fa-leaf\" aria-hidden=\"true\"><\/i>\n\t\t\t Nachhaltiger Tourismus<\/h5>\n\t\t\t\t\t\t\t<div class=\"translation-block\"><p>Mit Namibia Nomads zu reisen bedeutet auch, verantwortungsbewusst zu reisen. Wir setzen uns f\u00fcr nachhaltige Entwicklung ein und arbeiten mit den lokalen Gemeinschaften zusammen. <a href=\"https:\/\/butterfly-foundation.org\/de\/?_gl=1*4azrhr*_up*MQ..*_ga*NTk5NDkwMDMuMTc2MzM4MjU2NA..*_ga_MNM1Z0RZ2L*czE3NjMzODI1NjMkbzEkZzAkdDE3NjMzODI1NjMkajYwJGwwJGgzMTc2Mjg3NjI.\" target=\"_blank\"><strong>Entdecke all unsere Initiativen.<\/strong><\/a><\/p><\/div>\n\t\t\t\t\t\t<div class=\"tb-buttons-part\">\n\t\t\t\t\t\t\t\t\t\t\t<\/div>\n\t\t\t\t<\/div>\n\t\t\t<\/div>\n\t\t\t\t\t<div class=\"tb-card entry tb-fade-in tb-fade-in--subtle\">\n\t\t\t\t<div class=\"tb-image-part\">\n\t\t\t\t\t<img src='https:\/\/nan.travelblox.eu\/wp-content\/uploads\/sites\/59\/2025\/08\/6-1-768x768.jpg' width='768' height='768' loading='lazy' image_size='medium_large'>\t\t\t\t<\/div>\n\t\t\t\t<div class=\"tb-card-content text-part\">\n\t\t\t\t\t<h5>\t\t\t\t<i class=\"icon fa-solid fa-phone\" aria-hidden=\"true\"><\/i>\n\t\t\t Ein Team vor Ort, das immer f\u00fcr dich da ist<\/h5>\n\t\t\t\t\t\t\t<div class=\"translation-block\"><p>Wir organisieren einen stressfreien und unvergesslichen Roadtrip f\u00fcr dich. Unsere lokale Reiseleitung steht dir jederzeit zur Seite, um zu helfen und dir Tipps zu geben, damit dein Abenteuer reibungslos verl\u00e4uft. Eigenst\u00e4ndig reisen, mit Unterst\u00fctzung, wenn du sie brauchst.<\/p><\/div>\n\t\t\t\t\t\t<div class=\"tb-buttons-part\">\n\t\t\t\t\t\t\t\t\t\t\t<\/div>\n\t\t\t\t<\/div>\n\t\t\t<\/div>\n\t\t\t\t\t\t\t\t<\/div>\n\t\t\t\t\t\t<div class=\"tb-carousel-nav\">\n\t\t\t<div class=\"dots\">\n\t\t\t\t<div class=\"dot active\"><\/div>\n\t\t\t\t<div class=\"dot\"><\/div>\n\t\t\t\t<div class=\"dot\"><\/div>\n\t\t\t<\/div>\n\t\t\t<div class=\"arrows\">\n\t\t\t\t<div class=\"prev disabled\">\n\t\t\t\t\t<span><i class=\"fa fa-chevron-left\"><\/i><\/span>\n\t\t\t\t<\/div>\n\t\t\t\t<div class=\"next\">\n\t\t\t\t\t<span><i class=\"fa fa-chevron-right\"><\/i><\/span>\n\t\t\t\t<\/div>\n\t\t\t<\/div>\n\t\t<\/div>\n\t\t\t\t<\/div>\n\t\t<\/div>\n\t\t\t<\/div>\n\n\n\n<div class=\"tb-blog tb-block align-center background-light pattern-none variant-none tb-collapsible-margins\" id=\"blog\">\n    <div class=\"inner-block tb-fade-in tb-fade-in--subtle\">\n        <div class=\"text-part\">\n            <h2>Tipps und Tricks vom Team<\/h2>\n                    <\/div>\n    <\/div>\n    <div class=\"tb-sections tb-fade-in tb-fade-in--subtle\">\n                    \t\t<div class=\"inner-block-full-width has-tb-carousel\" >\n\t\t\t<div class=\"tb-carousel-container\">\n\t\t\t\t<div class=\"entries tb-cards\" data-slider-first=\"1\">\n\t\t\t\t                                                <a class=\"tb-card entry\" href=\"https:\/\/nan.travelblox.eu\/de\/die-5-besten-sehenswurdigkeiten-in-namibia\/\"  >\n                                                            <div class=\"tb-image-part\">\n                                                                            <div class=\"tag\" data-no-translation>\n                                                                                                                                                Praktische Tipps                                                                                                                                    <\/div>\n                                                                                                                <img src='https:\/\/nan.travelblox.eu\/wp-content\/uploads\/sites\/59\/2025\/02\/30-768x512.jpg' width='768' height='512' loading='lazy' image_size='medium_large'>                                                                    <\/div>\n                                                        <div class=\"tb-card-bottom\">\n                                                                <h4 class=\"tb-card-bottom__title\">Die 5 besten Sehensw\u00fcrdigkeiten in Namibia<\/h4>\n                                                                    <div class=\"tb-card-bottom__content\">\n                                        <div class=\"tb-card__author\"><small>Malou von Namibia Nomads<\/small><\/div>\n                                    <\/div>\n                                                                                            <\/div>\n                        <\/a>\n                                        <a class=\"tb-card entry\" href=\"https:\/\/nan.travelblox.eu\/de\/die-10-must-do-aktivitaten-fur-ihre-rundreise-namibia\/\"  >\n                                                            <div class=\"tb-image-part\">\n                                                                            <div class=\"tag\" data-no-translation>\n                                                                                                                                                Aktivit\u00e4ten                                                                                                                                    <\/div>\n                                                                                                                <img src='https:\/\/nan.travelblox.eu\/wp-content\/uploads\/sites\/59\/2025\/06\/BlogHorizontal-12-768x512.jpg' width='768' height='512' alt='Namibia Nomads Team' loading='lazy' image_size='medium_large'>                                                                    <\/div>\n                                                        <div class=\"tb-card-bottom\">\n                                                                <h4 class=\"tb-card-bottom__title\">Die 10 Must-do Aktivit\u00e4ten f\u00fcr deine Rundreise in Namibia<\/h4>\n                                                                    <div class=\"tb-card-bottom__content\">\n                                        <div class=\"tb-card__author\"><small>von Caro von Namibia Nomads<\/small><\/div>\n                                    <\/div>\n                                                                                            <\/div>\n                        <\/a>\n                                                                    \t\t\t\t<\/div>\n\t\t\t\t\t\t<div class=\"tb-carousel-nav\">\n\t\t\t<div class=\"dots\">\n\t\t\t\t<div class=\"dot active\"><\/div>\n\t\t\t\t<div class=\"dot\"><\/div>\n\t\t\t\t<div class=\"dot\"><\/div>\n\t\t\t<\/div>\n\t\t\t<div class=\"arrows\">\n\t\t\t\t<div class=\"prev disabled\">\n\t\t\t\t\t<span><i class=\"fa fa-chevron-left\"><\/i><\/span>\n\t\t\t\t<\/div>\n\t\t\t\t<div class=\"next\">\n\t\t\t\t\t<span><i class=\"fa fa-chevron-right\"><\/i><\/span>\n\t\t\t\t<\/div>\n\t\t\t<\/div>\n\t\t<\/div>\n\t\t\t\t<\/div>\n\t\t<\/div>\n\t                    <\/div>\n            <div class=\"inner-block tb-buttons-part tb-fade-in tb-fade-in--subtle\">\n            \t\t<a href=\"https:\/\/nan.travelblox.eu\/de\/blog\/\" target=\"_blank\" class=\"tb-text-with-icon tb-buttonlink\">\n\t\t\t\t\t\t\t<span>Alle Blogs anzeigen<\/span>\n\t\t\t\t\t<i class=\"icon fa-solid fa-arrow-right fa-fw\" aria-hidden=\"true\"><\/i>\n\t\t\t\t\t<\/a>\n\t        <\/div>\n    <\/div>","protected":false},"excerpt":{"rendered":"","protected":false},"author":27,"featured_media":1884,"parent":0,"menu_order":0,"comment_status":"closed","ping_status":"closed","template":"","meta":{"_acf_changed":false,"inline_featured_image":false,"footnotes":""},"class_list":["post-1910","page","type-page","status-publish","has-post-thumbnail","hentry"],"acf":{"page_package_ids":"","is_main_package_page":false,"additional_linked_packages":[],"feed_page_to_atlas":false},"_links":{"self":[{"href":"https:\/\/nan.travelblox.eu\/de\/wp-json\/wp\/v2\/pages\/1910","targetHints":{"allow":["GET"]}}],"collection":[{"href":"https:\/\/nan.travelblox.eu\/de\/wp-json\/wp\/v2\/pages"}],"about":[{"href":"https:\/\/nan.travelblox.eu\/de\/wp-json\/wp\/v2\/types\/page"}],"author":[{"embeddable":true,"href":"https:\/\/nan.travelblox.eu\/de\/wp-json\/wp\/v2\/users\/27"}],"replies":[{"embeddable":true,"href":"https:\/\/nan.travelblox.eu\/de\/wp-json\/wp\/v2\/comments?post=1910"}],"version-history":[{"count":49,"href":"https:\/\/nan.travelblox.eu\/de\/wp-json\/wp\/v2\/pages\/1910\/revisions"}],"predecessor-version":[{"id":2635,"href":"https:\/\/nan.travelblox.eu\/de\/wp-json\/wp\/v2\/pages\/1910\/revisions\/2635"}],"wp:featuredmedia":[{"embeddable":true,"href":"https:\/\/nan.travelblox.eu\/de\/wp-json\/wp\/v2\/media\/1884"}],"wp:attachment":[{"href":"https:\/\/nan.travelblox.eu\/de\/wp-json\/wp\/v2\/media?parent=1910"}],"curies":[{"name":"wp","href":"https:\/\/api.w.org\/{rel}","templated":true}]}}